{"id":111,"date":"2021-06-01T19:31:00","date_gmt":"2021-06-01T19:31:00","guid":{"rendered":"https:\/\/acedijusrs.com.br\/2021\/?page_id=111"},"modified":"2021-06-01T20:12:46","modified_gmt":"2021-06-01T20:12:46","slug":"associe-se","status":"publish","type":"page","link":"https:\/\/acedijusrs.com.br\/2024\/associe-se\/","title":{"rendered":"Associe-se"},"content":{"rendered":"\n<p>Associar-se a Associa\u00e7\u00e3o dos Contadores Escriv\u00e3es e Distribuidores da Justi\u00e7a (ACEDIJUS)&nbsp;\u00e9 integrar-se \u00e0 maior entidade representativa da classe no sul do pa\u00eds.<\/p>\n\n\n\n<p>Os dados preenchidos est\u00e3o sujeitos a confirma\u00e7\u00e3o, por isso&nbsp;\u00e9 fundamental que todos os dados cadastrais estejam corretamente preenchidos, e que haja pelo menos 1 (um) n\u00famero de telefone fixo para agilizar o contato.<\/p>\n\n\n\n<p>Em breve, um representante da ACEDIJUS entrar\u00e1 em contato para efetivar a associa\u00e7\u00e3o.<\/p>\n\n\n\n<ul class=\"wp-block-list\" id=\"gform_fields_1\"><li>Formul\u00e1rio de Filia\u00e7\u00e3o:<\/li><\/ul>\n\n\n","protected":false},"excerpt":{"rendered":"<p>Associar-se a Associa\u00e7\u00e3o dos Contadores Escriv\u00e3es e Distribuidores da Justi\u00e7a (ACEDIJUS)&nbsp;\u00e9 integrar-se \u00e0 maior entidade representativa da classe no sul do pa\u00eds. Os dados preenchidos est\u00e3o sujeitos a confirma\u00e7\u00e3o, por isso&nbsp;\u00e9 fundamental que todos os dados cadastrais estejam corretamente preenchidos, e que haja pelo menos 1 (um) n\u00famero de telefone<a href=\"https:\/\/acedijusrs.com.br\/2024\/associe-se\/\" class=\"read-more\">Read More<\/a><\/p>\n","protected":false},"author":1,"featured_media":0,"parent":0,"menu_order":0,"comment_status":"closed","ping_status":"closed","template":"templates\/narrowwidth.php","meta":{"footnotes":""},"class_list":["post-111","page","type-page","status-publish","hentry"],"_links":{"self":[{"href":"https:\/\/acedijusrs.com.br\/2024\/wp-json\/wp\/v2\/pages\/111","targetHints":{"allow":["GET"]}}],"collection":[{"href":"https:\/\/acedijusrs.com.br\/2024\/wp-json\/wp\/v2\/pages"}],"about":[{"href":"https:\/\/acedijusrs.com.br\/2024\/wp-json\/wp\/v2\/types\/page"}],"author":[{"embeddable":true,"href":"https:\/\/acedijusrs.com.br\/2024\/wp-json\/wp\/v2\/users\/1"}],"replies":[{"embeddable":true,"href":"https:\/\/acedijusrs.com.br\/2024\/wp-json\/wp\/v2\/comments?post=111"}],"version-history":[{"count":3,"href":"https:\/\/acedijusrs.com.br\/2024\/wp-json\/wp\/v2\/pages\/111\/revisions"}],"predecessor-version":[{"id":2059,"href":"https:\/\/acedijusrs.com.br\/2024\/wp-json\/wp\/v2\/pages\/111\/revisions\/2059"}],"wp:attachment":[{"href":"https:\/\/acedijusrs.com.br\/2024\/wp-json\/wp\/v2\/media?parent=111"}],"curies":[{"name":"wp","href":"https:\/\/api.w.org\/{rel}","templated":true}]}}