{"id":116,"date":"2021-06-01T19:54:19","date_gmt":"2021-06-01T19:54:19","guid":{"rendered":"https:\/\/acedijusrs.com.br\/2021\/?page_id=116"},"modified":"2025-04-09T18:55:11","modified_gmt":"2025-04-09T18:55:11","slug":"nossos-parceiros","status":"publish","type":"page","link":"https:\/\/acedijusrs.com.br\/2024\/nossos-parceiros\/","title":{"rendered":"Nossos parceiros"},"content":{"rendered":"\n<p>A ACEDIJUS entende que o sucesso de qualquer organiza\u00e7\u00e3o n\u00e3o se faz sozinho, <br>e que o trabalho em parceria \u00e9 fundamental para alavancar resultados positivos. <br>Seja voc\u00ea tamb\u00e9m um parceiro da ACEDIJUS.<\/p>\n\n\n\n<p>Conhe\u00e7a nossos parceiros:<\/p>\n\n\n\n<p><\/p>\n\n\n\n<figure class=\"wp-block-image size-large\"><img decoding=\"async\" width=\"300\" height=\"145\" src=\"https:\/\/acedijusrs.com.br\/2024\/wp-content\/uploads\/2021\/06\/vdadv-300x145-1.jpg\" alt=\"\" class=\"wp-image-117\"\/><\/figure>\n\n\n\n<figure class=\"wp-block-image size-large\"><img decoding=\"async\" width=\"300\" height=\"51\" src=\"https:\/\/acedijusrs.com.br\/2024\/wp-content\/uploads\/2021\/06\/Bradesco-Seguros-Nova-300x51-1.png\" alt=\"\" class=\"wp-image-119\"\/><\/figure>\n","protected":false},"excerpt":{"rendered":"<p>A ACEDIJUS entende que o sucesso de qualquer organiza\u00e7\u00e3o n\u00e3o se faz sozinho, e que o trabalho em parceria \u00e9 fundamental para alavancar resultados positivos. Seja voc\u00ea tamb\u00e9m um parceiro da ACEDIJUS. Conhe\u00e7a nossos parceiros:<\/p>\n","protected":false},"author":1,"featured_media":0,"parent":0,"menu_order":0,"comment_status":"closed","ping_status":"closed","template":"templates\/narrowwidth.php","meta":{"footnotes":""},"class_list":["post-116","page","type-page","status-publish","hentry"],"_links":{"self":[{"href":"https:\/\/acedijusrs.com.br\/2024\/wp-json\/wp\/v2\/pages\/116","targetHints":{"allow":["GET"]}}],"collection":[{"href":"https:\/\/acedijusrs.com.br\/2024\/wp-json\/wp\/v2\/pages"}],"about":[{"href":"https:\/\/acedijusrs.com.br\/2024\/wp-json\/wp\/v2\/types\/page"}],"author":[{"embeddable":true,"href":"https:\/\/acedijusrs.com.br\/2024\/wp-json\/wp\/v2\/users\/1"}],"replies":[{"embeddable":true,"href":"https:\/\/acedijusrs.com.br\/2024\/wp-json\/wp\/v2\/comments?post=116"}],"version-history":[{"count":3,"href":"https:\/\/acedijusrs.com.br\/2024\/wp-json\/wp\/v2\/pages\/116\/revisions"}],"predecessor-version":[{"id":1984,"href":"https:\/\/acedijusrs.com.br\/2024\/wp-json\/wp\/v2\/pages\/116\/revisions\/1984"}],"wp:attachment":[{"href":"https:\/\/acedijusrs.com.br\/2024\/wp-json\/wp\/v2\/media?parent=116"}],"curies":[{"name":"wp","href":"https:\/\/api.w.org\/{rel}","templated":true}]}}