{"id":123,"date":"2021-06-01T19:58:42","date_gmt":"2021-06-01T19:58:42","guid":{"rendered":"https:\/\/acedijusrs.com.br\/2021\/?page_id=123"},"modified":"2021-06-01T20:14:06","modified_gmt":"2021-06-01T20:14:06","slug":"documentos","status":"publish","type":"page","link":"https:\/\/acedijusrs.com.br\/2024\/documentos\/","title":{"rendered":"Documentos"},"content":{"rendered":"\n<h3 class=\"wp-block-heading\">Requerimentos:<\/h3>\n\n\n\n<p><a href=\"http:\/\/www.acedijusrs.com.br\/wp-content\/uploads\/2014\/09\/REQUER-REMUNERA%C3%87%C3%83O-SERVI%C3%87OS-DE-PLANT%C3%95ES.pdf\" target=\"_blank\" rel=\"noreferrer noopener\">&nbsp;Requerimento \u2013 Remunera\u00e7\u00e3o de plant\u00e3o judici\u00e1rio e sobre aviso<\/a><\/p>\n\n\n\n<p><a href=\"http:\/\/www.acedijusrs.com.br\/wp-content\/uploads\/2014\/09\/REQUER-DIFEREN%C3%87A-DE-ATUALIZA%C3%87%C3%83O-E-JUROS-DAS-URV.pdf\" target=\"_blank\" rel=\"noreferrer noopener\">&nbsp;Requerimento \u2013 Diferen\u00e7a de atualiza\u00e7\u00e3o e juros das URVs<\/a><\/p>\n","protected":false},"excerpt":{"rendered":"<p>Requerimentos: &nbsp;Requerimento \u2013 Remunera\u00e7\u00e3o de plant\u00e3o judici\u00e1rio e sobre aviso &nbsp;Requerimento \u2013 Diferen\u00e7a de atualiza\u00e7\u00e3o e juros das URVs<\/p>\n","protected":false},"author":1,"featured_media":0,"parent":0,"menu_order":0,"comment_status":"closed","ping_status":"closed","template":"templates\/narrowwidth.php","meta":{"footnotes":""},"class_list":["post-123","page","type-page","status-publish","hentry"],"_links":{"self":[{"href":"https:\/\/acedijusrs.com.br\/2024\/wp-json\/wp\/v2\/pages\/123","targetHints":{"allow":["GET"]}}],"collection":[{"href":"https:\/\/acedijusrs.com.br\/2024\/wp-json\/wp\/v2\/pages"}],"about":[{"href":"https:\/\/acedijusrs.com.br\/2024\/wp-json\/wp\/v2\/types\/page"}],"author":[{"embeddable":true,"href":"https:\/\/acedijusrs.com.br\/2024\/wp-json\/wp\/v2\/users\/1"}],"replies":[{"embeddable":true,"href":"https:\/\/acedijusrs.com.br\/2024\/wp-json\/wp\/v2\/comments?post=123"}],"version-history":[{"count":1,"href":"https:\/\/acedijusrs.com.br\/2024\/wp-json\/wp\/v2\/pages\/123\/revisions"}],"predecessor-version":[{"id":124,"href":"https:\/\/acedijusrs.com.br\/2024\/wp-json\/wp\/v2\/pages\/123\/revisions\/124"}],"wp:attachment":[{"href":"https:\/\/acedijusrs.com.br\/2024\/wp-json\/wp\/v2\/media?parent=123"}],"curies":[{"name":"wp","href":"https:\/\/api.w.org\/{rel}","templated":true}]}}