{"id":18,"date":"2021-05-13T19:01:20","date_gmt":"2021-05-13T19:01:20","guid":{"rendered":"https:\/\/acedijusrs.com.br\/2021\/?page_id=18"},"modified":"2021-06-01T20:12:18","modified_gmt":"2021-06-01T20:12:18","slug":"convenios","status":"publish","type":"page","link":"https:\/\/acedijusrs.com.br\/2024\/convenios\/","title":{"rendered":"Conv\u00eanios"},"content":{"rendered":"\n<p>A ACEDIJUS mant\u00e9m parceria com a rede de conv\u00eanios da Upcard. Na rede est\u00e3o relacionadas empresas e profissionais que concedem descontos e condi\u00e7\u00f5es especiais para compras e\/ou contrata\u00e7\u00e3o de servi\u00e7os aos servidores do judici\u00e1rio.<\/p>\n\n\n\n<p><a href=\"http:\/\/www.upcard.com.br\/\" target=\"_blank\" rel=\"noreferrer noopener\">Clique aqui e consulte a rede conveniada.<\/a><\/p>\n\n\n\n<p>Para consultar a rede conveniada siga as seguintes instru\u00e7\u00f5es:<\/p>\n\n\n\n<p>1. Clique no link acima para ser encaminhado para o site Upcard.<\/p>\n\n\n\n<p>2. Clique no menu&nbsp;<strong>associado<\/strong><\/p>\n\n\n\n<p>3. Digite o n\u00famero do seu&nbsp;<strong>cart\u00e3o<\/strong>&nbsp;(s\u00e3o 12 d\u00edgitos)<\/p>\n\n\n\n<p>4. Digite sua&nbsp;<strong>senha<\/strong>&nbsp;(s\u00e3o os quatro \u00faltimos n\u00fameros de sua matr\u00edcula)<\/p>\n\n\n\n<p>5. Clique no link&nbsp;<strong>Consulte Aqui Rede Conveniada<\/strong><\/p>\n\n\n\n<p>Se voc\u00ea ainda n\u00e3o tem seu cart\u00e3o, solicite-o atrav\u00e9s do formul\u00e1rio abaixo. <br>Dentro de 24 horas voc\u00ea receber\u00e1 um e-mail contendo os detalhes para acesso \u00e0 rede conveniada.<\/p>\n\n\n\n<p><\/p>\n\n\n\n<p>Dados para conv\u00eanio:<\/p>\n\n\n<div class=\"wpforms-container wpforms-container-full wpforms-block\" id=\"wpforms-128\"><form id=\"wpforms-form-128\" class=\"wpforms-validate wpforms-form\" data-formid=\"128\" method=\"post\" enctype=\"multipart\/form-data\" action=\"\/2024\/wp-json\/wp\/v2\/pages\/18\" data-token=\"c3345e0542bde0e5444f01e7ad4e565e\" data-token-time=\"1777493054\"><noscript class=\"wpforms-error-noscript\">Ative o JavaScript no seu navegador para preencher este formul\u00e1rio.<\/noscript><div class=\"wpforms-field-container\"><div id=\"wpforms-128-field_1-container\" class=\"wpforms-field wpforms-field-text\" data-field-id=\"1\"><label class=\"wpforms-field-label\" for=\"wpforms-128-field_1\">Nome <span class=\"wpforms-required-label\">*<\/span><\/label><input type=\"text\" id=\"wpforms-128-field_1\" class=\"wpforms-field-medium wpforms-field-required\" name=\"wpforms[fields][1]\" required><\/div><div id=\"wpforms-128-field_2-container\" class=\"wpforms-field wpforms-field-text\" data-field-id=\"2\"><input type=\"text\" id=\"wpforms-128-field_2\" class=\"wpforms-field-medium wpforms-field-required\" name=\"wpforms[fields][2]\" required><div class=\"wpforms-field-description\">Sobrenome<\/div><\/div><div id=\"wpforms-128-field_3-container\" class=\"wpforms-field wpforms-field-text\" data-field-id=\"3\"><label class=\"wpforms-field-label\" for=\"wpforms-128-field_3\">CPF <span class=\"wpforms-required-label\">*<\/span><\/label><input type=\"text\" id=\"wpforms-128-field_3\" class=\"wpforms-field-medium wpforms-field-required\" name=\"wpforms[fields][3]\" required><\/div><div id=\"wpforms-128-field_4-container\" class=\"wpforms-field wpforms-field-text\" data-field-id=\"4\"><label class=\"wpforms-field-label\" for=\"wpforms-128-field_4\">Identidade Funcional <span class=\"wpforms-required-label\">*<\/span><\/label><input type=\"text\" id=\"wpforms-128-field_4\" class=\"wpforms-field-medium wpforms-field-required\" name=\"wpforms[fields][4]\" required><\/div><div id=\"wpforms-128-field_5-container\" class=\"wpforms-field wpforms-field-text\" data-field-id=\"5\"><label class=\"wpforms-field-label\" for=\"wpforms-128-field_5\">Local de trabalho <span class=\"wpforms-required-label\">*<\/span><\/label><input type=\"text\" id=\"wpforms-128-field_5\" class=\"wpforms-field-medium wpforms-field-required\" name=\"wpforms[fields][5]\" required><div class=\"wpforms-field-description\">Informe a Vara ou Juizado e Comarca<\/div><\/div><div id=\"wpforms-128-field_6-container\" class=\"wpforms-field wpforms-field-text\" data-field-id=\"6\"><label class=\"wpforms-field-label\" for=\"wpforms-128-field_6\">Telefone <span class=\"wpforms-required-label\">*<\/span><\/label><input type=\"text\" id=\"wpforms-128-field_6\" class=\"wpforms-field-medium wpforms-field-required\" name=\"wpforms[fields][6]\" required><div class=\"wpforms-field-description\">N\u00famero de telefone fixo ou celular incluindo o c\u00f3digo de \u00e1rea. Ex: (51) 3656-1234<\/div><\/div><div id=\"wpforms-128-field_7-container\" class=\"wpforms-field wpforms-field-text\" data-field-id=\"7\"><label class=\"wpforms-field-label\" for=\"wpforms-128-field_7\">E-mail <span class=\"wpforms-required-label\">*<\/span><\/label><input type=\"text\" id=\"wpforms-128-field_7\" class=\"wpforms-field-medium wpforms-field-required\" name=\"wpforms[fields][7]\" required><\/div><\/div><!-- .wpforms-field-container --><div class=\"wpforms-submit-container\" ><input type=\"hidden\" name=\"wpforms[id]\" value=\"128\"><input type=\"hidden\" name=\"page_title\" value=\"\"><input type=\"hidden\" name=\"page_url\" value=\"https:\/\/acedijusrs.com.br\/2024\/wp-json\/wp\/v2\/pages\/18\"><input type=\"hidden\" name=\"url_referer\" value=\"\"><button type=\"submit\" name=\"wpforms[submit]\" id=\"wpforms-submit-128\" class=\"wpforms-submit\" data-alt-text=\"Enviando...\" data-submit-text=\"Enviar\" aria-live=\"assertive\" value=\"wpforms-submit\">Enviar<\/button><\/div><\/form><\/div>  <!-- .wpforms-container -->","protected":false},"excerpt":{"rendered":"<p>A ACEDIJUS mant\u00e9m parceria com a rede de conv\u00eanios da Upcard. Na rede est\u00e3o relacionadas empresas e profissionais que concedem descontos e condi\u00e7\u00f5es especiais para compras e\/ou contrata\u00e7\u00e3o de servi\u00e7os aos servidores do judici\u00e1rio. Clique aqui e consulte a rede conveniada. Para consultar a rede conveniada siga as seguintes instru\u00e7\u00f5es:<a href=\"https:\/\/acedijusrs.com.br\/2024\/convenios\/\" class=\"read-more\">Read More<\/a><\/p>\n","protected":false},"author":1,"featured_media":0,"parent":0,"menu_order":0,"comment_status":"closed","ping_status":"closed","template":"templates\/narrowwidth.php","meta":{"footnotes":""},"class_list":["post-18","page","type-page","status-publish","hentry"],"_links":{"self":[{"href":"https:\/\/acedijusrs.com.br\/2024\/wp-json\/wp\/v2\/pages\/18","targetHints":{"allow":["GET"]}}],"collection":[{"href":"https:\/\/acedijusrs.com.br\/2024\/wp-json\/wp\/v2\/pages"}],"about":[{"href":"https:\/\/acedijusrs.com.br\/2024\/wp-json\/wp\/v2\/types\/page"}],"author":[{"embeddable":true,"href":"https:\/\/acedijusrs.com.br\/2024\/wp-json\/wp\/v2\/users\/1"}],"replies":[{"embeddable":true,"href":"https:\/\/acedijusrs.com.br\/2024\/wp-json\/wp\/v2\/comments?post=18"}],"version-history":[{"count":4,"href":"https:\/\/acedijusrs.com.br\/2024\/wp-json\/wp\/v2\/pages\/18\/revisions"}],"predecessor-version":[{"id":130,"href":"https:\/\/acedijusrs.com.br\/2024\/wp-json\/wp\/v2\/pages\/18\/revisions\/130"}],"wp:attachment":[{"href":"https:\/\/acedijusrs.com.br\/2024\/wp-json\/wp\/v2\/media?parent=18"}],"curies":[{"name":"wp","href":"https:\/\/api.w.org\/{rel}","templated":true}]}}