{"id":52,"date":"2021-05-20T19:10:16","date_gmt":"2021-05-20T19:10:16","guid":{"rendered":"https:\/\/acedijusrs.com.br\/2021\/?page_id=52"},"modified":"2022-05-02T13:09:27","modified_gmt":"2022-05-02T13:09:27","slug":"diretoria","status":"publish","type":"page","link":"https:\/\/acedijusrs.com.br\/2024\/diretoria\/","title":{"rendered":"Diretoria"},"content":{"rendered":"\t\t<div data-elementor-type=\"wp-page\" data-elementor-id=\"52\" class=\"elementor elementor-52\">\n\t\t\t\t\t\t<section class=\"elementor-section elementor-top-section elementor-element elementor-element-62807372 elementor-section-boxed elementor-section-height-default elementor-section-height-default\" data-id=\"62807372\" data-element_type=\"section\" data-e-type=\"section\">\n\t\t\t\t\t\t<div class=\"elementor-container elementor-column-gap-default\">\n\t\t\t\t\t<div class=\"elementor-column elementor-col-100 elementor-top-column elementor-element elementor-element-1bcf7e6\" data-id=\"1bcf7e6\" data-element_type=\"column\" data-e-type=\"column\">\n\t\t\t<div class=\"elementor-widget-wrap elementor-element-populated\">\n\t\t\t\t\t\t<div class=\"elementor-element elementor-element-1bb6677 elementor-widget elementor-widget-heading\" data-id=\"1bb6677\" data-element_type=\"widget\" data-e-type=\"widget\" data-widget_type=\"heading.default\">\n\t\t\t\t<div class=\"elementor-widget-container\">\n\t\t\t\t\t<h4 class=\"elementor-heading-title elementor-size-default\">Rela\u00e7\u00e3o dos Membros Componentes dos \u00d3rg\u00e3os da Administra\u00e7\u00e3o - Gest\u00e3o 2022\/2025, eleitos e empossados na  Assembleia Geral de 28\/04\/2022\n<\/h4>\t\t\t\t<\/div>\n\t\t\t\t<\/div>\n\t\t\t\t<div class=\"elementor-element elementor-element-58626f1 elementor-widget elementor-widget-heading\" data-id=\"58626f1\" data-element_type=\"widget\" data-e-type=\"widget\" data-widget_type=\"heading.default\">\n\t\t\t\t<div class=\"elementor-widget-container\">\n\t\t\t\t\t<h4 class=\"elementor-heading-title elementor-size-default\">DIRETORIA (Membros Efetivos):<\/h4>\t\t\t\t<\/div>\n\t\t\t\t<\/div>\n\t\t\t\t<div class=\"elementor-element elementor-element-740d882 elementor-widget elementor-widget-text-editor\" data-id=\"740d882\" data-element_type=\"widget\" data-e-type=\"widget\" data-widget_type=\"text-editor.default\">\n\t\t\t\t<div class=\"elementor-widget-container\">\n\t\t\t\t\t\t\t\t\t<p>&#8211; <strong>Presidente:<\/strong> MARCO AURELIO RICCIARDI WEBER;<p> &#8211; <strong>Vice-Presidente:<\/strong> EDUARDO ANT\u00d4NIO CANHA;<p> &#8211; <strong>Diretor Administrativo:<\/strong> JARDEL FABIAM PENS; <p>&#8211; <strong>Diretor Financeiro:<\/strong> JOSE ELTON COELHO DOS SANTOS;<p> &#8211; <strong>Diretor Jur\u00eddico:<\/strong> EDSON JOS\u00c9 BUSATTO;<\/p>\t\t\t\t\t\t\t\t<\/div>\n\t\t\t\t<\/div>\n\t\t\t\t<div class=\"elementor-element elementor-element-80938f7 elementor-widget elementor-widget-heading\" data-id=\"80938f7\" data-element_type=\"widget\" data-e-type=\"widget\" data-widget_type=\"heading.default\">\n\t\t\t\t<div class=\"elementor-widget-container\">\n\t\t\t\t\t<h4 class=\"elementor-heading-title elementor-size-default\">DIRETORIA (Membros Suplentes):<\/h4>\t\t\t\t<\/div>\n\t\t\t\t<\/div>\n\t\t\t\t<div class=\"elementor-element elementor-element-a1ab5e8 elementor-widget elementor-widget-text-editor\" data-id=\"a1ab5e8\" data-element_type=\"widget\" data-e-type=\"widget\" data-widget_type=\"text-editor.default\">\n\t\t\t\t<div class=\"elementor-widget-container\">\n\t\t\t\t\t\t\t\t\t<p>&#8211; GEOVANA ZAMPERETTI NICOLETTO; <p>&#8211; JOCELI JACOBY; <p>&#8211; MOZART AUGUSTO FLORES FURQUIM<\/p>\t\t\t\t\t\t\t\t<\/div>\n\t\t\t\t<\/div>\n\t\t\t\t<div class=\"elementor-element elementor-element-1f4d109 elementor-widget elementor-widget-heading\" data-id=\"1f4d109\" data-element_type=\"widget\" data-e-type=\"widget\" data-widget_type=\"heading.default\">\n\t\t\t\t<div class=\"elementor-widget-container\">\n\t\t\t\t\t<h4 class=\"elementor-heading-title elementor-size-default\">CONSELHO FISCAL:<\/h4>\t\t\t\t<\/div>\n\t\t\t\t<\/div>\n\t\t\t\t<div class=\"elementor-element elementor-element-96e40c3 elementor-widget elementor-widget-text-editor\" data-id=\"96e40c3\" data-element_type=\"widget\" data-e-type=\"widget\" data-widget_type=\"text-editor.default\">\n\t\t\t\t<div class=\"elementor-widget-container\">\n\t\t\t\t\t\t\t\t\t<p>\u00a0&#8211; ELGA SANTOS ALMADA PRESTES;<br \/><br \/>\u00a0&#8211; HUGO SCHIRMER;<\/p>\n<p>\u00a0&#8211; MARCIO COCCO;<\/p>\t\t\t\t\t\t\t\t<\/div>\n\t\t\t\t<\/div>\n\t\t\t\t\t<\/div>\n\t\t<\/div>\n\t\t\t\t\t<\/div>\n\t\t<\/section>\n\t\t\t\t<\/div>\n\t\t","protected":false},"excerpt":{"rendered":"<p>Rela\u00e7\u00e3o dos Membros Componentes dos \u00d3rg\u00e3os da Administra\u00e7\u00e3o &#8211; Gest\u00e3o 2022\/2025, eleitos e empossados na Assembleia Geral de 28\/04\/2022 DIRETORIA (Membros Efetivos): &#8211; Presidente: MARCO AURELIO RICCIARDI WEBER; &#8211; Vice-Presidente: EDUARDO ANT\u00d4NIO CANHA; &#8211; Diretor Administrativo: JARDEL FABIAM PENS; &#8211; Diretor Financeiro: JOSE ELTON COELHO DOS SANTOS; &#8211; Diretor Jur\u00eddico:<a href=\"https:\/\/acedijusrs.com.br\/2024\/diretoria\/\" class=\"read-more\">Read More<\/a><\/p>\n","protected":false},"author":1,"featured_media":0,"parent":0,"menu_order":0,"comment_status":"closed","ping_status":"closed","template":"","meta":{"footnotes":""},"class_list":["post-52","page","type-page","status-publish","hentry"],"_links":{"self":[{"href":"https:\/\/acedijusrs.com.br\/2024\/wp-json\/wp\/v2\/pages\/52","targetHints":{"allow":["GET"]}}],"collection":[{"href":"https:\/\/acedijusrs.com.br\/2024\/wp-json\/wp\/v2\/pages"}],"about":[{"href":"https:\/\/acedijusrs.com.br\/2024\/wp-json\/wp\/v2\/types\/page"}],"author":[{"embeddable":true,"href":"https:\/\/acedijusrs.com.br\/2024\/wp-json\/wp\/v2\/users\/1"}],"replies":[{"embeddable":true,"href":"https:\/\/acedijusrs.com.br\/2024\/wp-json\/wp\/v2\/comments?post=52"}],"version-history":[{"count":17,"href":"https:\/\/acedijusrs.com.br\/2024\/wp-json\/wp\/v2\/pages\/52\/revisions"}],"predecessor-version":[{"id":679,"href":"https:\/\/acedijusrs.com.br\/2024\/wp-json\/wp\/v2\/pages\/52\/revisions\/679"}],"wp:attachment":[{"href":"https:\/\/acedijusrs.com.br\/2024\/wp-json\/wp\/v2\/media?parent=52"}],"curies":[{"name":"wp","href":"https:\/\/api.w.org\/{rel}","templated":true}]}}