{"id":729,"date":"2022-05-02T20:32:36","date_gmt":"2022-05-02T20:32:36","guid":{"rendered":"https:\/\/acedijusrs.com.br\/2021\/?page_id=729"},"modified":"2022-05-03T12:42:00","modified_gmt":"2022-05-03T12:42:00","slug":"filiacao-socio-contribuinte","status":"publish","type":"page","link":"https:\/\/acedijusrs.com.br\/2024\/filiacao-socio-contribuinte\/","title":{"rendered":"Filia\u00e7\u00e3o S\u00f3cio Contribuinte"},"content":{"rendered":"\t\t<div data-elementor-type=\"wp-page\" data-elementor-id=\"729\" class=\"elementor elementor-729\">\n\t\t\t\t\t\t<section class=\"elementor-section elementor-top-section elementor-element elementor-element-814752a elementor-section-boxed elementor-section-height-default elementor-section-height-default\" data-id=\"814752a\" data-element_type=\"section\" data-e-type=\"section\">\n\t\t\t\t\t\t<div class=\"elementor-container elementor-column-gap-default\">\n\t\t\t\t\t<div class=\"elementor-column elementor-col-100 elementor-top-column elementor-element elementor-element-5a3372f\" data-id=\"5a3372f\" data-element_type=\"column\" data-e-type=\"column\">\n\t\t\t<div class=\"elementor-widget-wrap elementor-element-populated\">\n\t\t\t\t\t\t<div class=\"elementor-element elementor-element-97b9078 elementor-widget elementor-widget-heading\" data-id=\"97b9078\" data-element_type=\"widget\" data-e-type=\"widget\" data-widget_type=\"heading.default\">\n\t\t\t\t<div class=\"elementor-widget-container\">\n\t\t\t\t\t<h2 class=\"elementor-heading-title elementor-size-default\">Fa\u00e7a o download preencha, assine e envie  por email.<\/h2>\t\t\t\t<\/div>\n\t\t\t\t<\/div>\n\t\t\t\t<div class=\"elementor-element elementor-element-9a712d1 elementor-widget elementor-widget-text-editor\" data-id=\"9a712d1\" data-element_type=\"widget\" data-e-type=\"widget\" data-widget_type=\"text-editor.default\">\n\t\t\t\t<div class=\"elementor-widget-container\">\n\t\t\t\t\t\t\t\t\t<p><a href=\"https:\/\/acedijusrs.com.br\/2024\/wp-content\/uploads\/2022\/05\/FICHA-DE-FILIACAO-Associado-Contribuinte-05-2022.pdf\">Fa\u00e7a o download aqui!<\/a><\/p>\t\t\t\t\t\t\t\t<\/div>\n\t\t\t\t<\/div>\n\t\t\t\t\t<\/div>\n\t\t<\/div>\n\t\t\t\t\t<\/div>\n\t\t<\/section>\n\t\t\t\t<\/div>\n\t\t","protected":false},"excerpt":{"rendered":"<p>Fa\u00e7a o download preencha, assine e envie por email. Fa\u00e7a o download aqui!<\/p>\n","protected":false},"author":1,"featured_media":0,"parent":0,"menu_order":0,"comment_status":"closed","ping_status":"closed","template":"","meta":{"footnotes":""},"class_list":["post-729","page","type-page","status-publish","hentry"],"_links":{"self":[{"href":"https:\/\/acedijusrs.com.br\/2024\/wp-json\/wp\/v2\/pages\/729","targetHints":{"allow":["GET"]}}],"collection":[{"href":"https:\/\/acedijusrs.com.br\/2024\/wp-json\/wp\/v2\/pages"}],"about":[{"href":"https:\/\/acedijusrs.com.br\/2024\/wp-json\/wp\/v2\/types\/page"}],"author":[{"embeddable":true,"href":"https:\/\/acedijusrs.com.br\/2024\/wp-json\/wp\/v2\/users\/1"}],"replies":[{"embeddable":true,"href":"https:\/\/acedijusrs.com.br\/2024\/wp-json\/wp\/v2\/comments?post=729"}],"version-history":[{"count":16,"href":"https:\/\/acedijusrs.com.br\/2024\/wp-json\/wp\/v2\/pages\/729\/revisions"}],"predecessor-version":[{"id":761,"href":"https:\/\/acedijusrs.com.br\/2024\/wp-json\/wp\/v2\/pages\/729\/revisions\/761"}],"wp:attachment":[{"href":"https:\/\/acedijusrs.com.br\/2024\/wp-json\/wp\/v2\/media?parent=729"}],"curies":[{"name":"wp","href":"https:\/\/api.w.org\/{rel}","templated":true}]}}